{"id":289,"date":"2026-03-12T11:33:17","date_gmt":"2026-03-12T10:33:17","guid":{"rendered":"https:\/\/quimo-gmbh.de\/?page_id=289"},"modified":"2026-05-04T12:56:53","modified_gmt":"2026-05-04T10:56:53","slug":"news","status":"publish","type":"page","link":"https:\/\/quimo-gmbh.de\/en\/news\/","title":{"rendered":"News"},"content":{"rendered":"<div data-elementor-type=\"wp-page\" data-elementor-id=\"289\" class=\"elementor elementor-289\" data-elementor-post-type=\"page\">\n\t\t\t\t<div class=\"elementor-element elementor-element-72d21d9 e-flex e-con-boxed e-con e-parent\" data-id=\"72d21d9\" data-element_type=\"container\" data-e-type=\"container\">\n\t\t\t\t\t<div class=\"e-con-inner\">\n\t\t<div class=\"elementor-element elementor-element-6e8fa17 e-con-full e-flex e-con e-child\" data-id=\"6e8fa17\" data-element_type=\"container\" data-e-type=\"container\">\n\t\t<div class=\"elementor-element elementor-element-26315ce e-con-full e-flex e-con e-child\" data-id=\"26315ce\" data-element_type=\"container\" data-e-type=\"container\">\n\t\t\t\t<div class=\"elementor-element elementor-element-20faead elementor-widget elementor-widget-heading\" data-id=\"20faead\" data-element_type=\"widget\" data-e-type=\"widget\" data-widget_type=\"heading.default\">\n\t\t\t\t\t<h3 class=\"elementor-heading-title elementor-size-default\">Whats new?<\/h3>\t\t\t\t<\/div>\n\t\t\t\t<div class=\"elementor-element elementor-element-afdbd0f elementor-widget elementor-widget-heading\" data-id=\"afdbd0f\" data-element_type=\"widget\" data-e-type=\"widget\" data-widget_type=\"heading.default\">\n\t\t\t\t\t<h2 class=\"elementor-heading-title elementor-size-default\">News<\/h2>\t\t\t\t<\/div>\n\t\t\t\t<div class=\"elementor-element elementor-element-4f450da elementor-widget elementor-widget-text-editor\" data-id=\"4f450da\" data-element_type=\"widget\" data-e-type=\"widget\" data-widget_type=\"text-editor.default\">\n\t\t\t\t\t\t\t\t\t<p data-start=\"244\" data-end=\"491\" class=\"translation-block\">Stay informed about the latest developments, innovations, and insights from QuiMo. Discover product updates, company news, and key milestones as we continue to work on forward-looking digital solutions.<\/p><p data-start=\"493\" data-end=\"636\" class=\"translation-block\">In our news section, you will regularly find updates on projects, technological developments, and current topics from our industry.<\/p><p data-start=\"638\" data-end=\"729\" class=\"translation-block\">Our team is always available to assist with media or cooperation inquiries.<\/p><p data-start=\"731\" data-end=\"839\">\u00a0<\/p>\t\t\t\t\t\t\t\t<\/div>\n\t\t\t\t<\/div>\n\t\t<div class=\"elementor-element elementor-element-28c8109 e-con-full e-flex e-con e-child\" data-id=\"28c8109\" data-element_type=\"container\" data-e-type=\"container\" data-settings=\"{&quot;background_background&quot;:&quot;classic&quot;}\">\n\t\t<div class=\"elementor-element elementor-element-8574ea0 e-con-full e-flex e-con e-child\" data-id=\"8574ea0\" data-element_type=\"container\" data-e-type=\"container\" data-settings=\"{&quot;background_background&quot;:&quot;classic&quot;}\">\n\t\t\t\t<div class=\"elementor-element elementor-element-268ad73 elementor-widget elementor-widget-heading\" data-id=\"268ad73\" data-element_type=\"widget\" data-e-type=\"widget\" data-widget_type=\"heading.default\">\n\t\t\t\t\t<h2 class=\"elementor-heading-title elementor-size-default\">Project Launch \u2013 From Proof of Concept to Real-World Application<\/h2>\t\t\t\t<\/div>\n\t\t\t\t<div class=\"elementor-element elementor-element-d10689d elementor-widget elementor-widget-text-editor\" data-id=\"d10689d\" data-element_type=\"widget\" data-e-type=\"widget\" data-widget_type=\"text-editor.default\">\n\t\t\t\t\t\t\t\t\t<p>Die QuiMo GmbH entwickelt im Rahmen eines von der Deutschen Bundesstiftung Umwelt (DBU) gef\u00f6rderten Projekts einen zertifizierten Prototypen f\u00fcr den Praxiseinsatz. Grundlage ist ein &#8230;.<\/p>\t\t\t\t\t\t\t\t<\/div>\n\t\t\t\t<div class=\"elementor-element elementor-element-46ec833 elementor-widget elementor-widget-button\" data-id=\"46ec833\" data-element_type=\"widget\" data-e-type=\"widget\" data-widget_type=\"button.default\">\n\t\t\t\t\t\t\t\t\t\t<a class=\"elementor-button elementor-button-link elementor-size-sm\" href=\"https:\/\/quimo-gmbh.de\/en\/projektstart\/\">\n\t\t\t\t\t\t<span class=\"elementor-button-content-wrapper\">\n\t\t\t\t\t\t\t\t\t<span class=\"elementor-button-text\">Read more<\/span>\n\t\t\t\t\t<\/span>\n\t\t\t\t\t<\/a>\n\t\t\t\t\t\t\t\t<\/div>\n\t\t\t\t<\/div>\n\t\t\t\t<\/div>\n\t\t\t\t<\/div>\n\t\t\t\t\t<\/div>\n\t\t\t\t<\/div>\n\t\t<div class=\"elementor-element elementor-element-e684382 e-flex e-con-boxed e-con e-parent\" data-id=\"e684382\" data-element_type=\"container\" data-e-type=\"container\">\n\t\t\t\t\t<div class=\"e-con-inner\">\n\t\t\t\t<div class=\"elementor-element elementor-element-fd88c08 elementor-widget elementor-widget-spacer\" data-id=\"fd88c08\" data-element_type=\"widget\" data-e-type=\"widget\" data-widget_type=\"spacer.default\">\n\t\t\t\t\t\t\t<div class=\"elementor-spacer\">\n\t\t\t<div class=\"elementor-spacer-inner\"><\/div>\n\t\t<\/div>\n\t\t\t\t\t\t<\/div>\n\t\t\t\t<div class=\"elementor-element elementor-element-2263feb elementor-grid-3 elementor-grid-tablet-2 elementor-grid-mobile-1 elementor-widget elementor-widget-portfolio\" data-id=\"2263feb\" data-element_type=\"widget\" data-e-type=\"widget\" data-settings=\"{&quot;columns&quot;:&quot;3&quot;,&quot;columns_tablet&quot;:&quot;2&quot;,&quot;columns_mobile&quot;:&quot;1&quot;,&quot;item_ratio&quot;:{&quot;unit&quot;:&quot;px&quot;,&quot;size&quot;:0.66,&quot;sizes&quot;:[]},&quot;item_gap&quot;:{&quot;unit&quot;:&quot;px&quot;,&quot;size&quot;:&quot;&quot;,&quot;sizes&quot;:[]},&quot;row_gap&quot;:{&quot;unit&quot;:&quot;px&quot;,&quot;size&quot;:&quot;&quot;,&quot;sizes&quot;:[]}}\" data-widget_type=\"portfolio.default\">\n\t\t\t\t<div class=\"elementor-widget-container\">\n\t\t\t\t\t\t\t<ul class=\"elementor-portfolio__filters\">\n\t\t\t<li class=\"elementor-portfolio__filter elementor-active\" tabindex=\"0\" data-filter=\"__all\">All<\/li>\n\t\t\t\t\t\t\t<li class=\"elementor-portfolio__filter\" tabindex=\"0\" data-filter=\"10\">News<\/li>\n\t\t\t\t\t\t\t<li class=\"elementor-portfolio__filter\" tabindex=\"0\" data-filter=\"12\">Field use<\/li>\n\t\t\t\t\t\t\t<li class=\"elementor-portfolio__filter\" tabindex=\"0\" data-filter=\"11\">Project<\/li>\n\t\t\t\t\t<\/ul>\n\t\t\t\t<div class=\"elementor-portfolio elementor-grid elementor-posts-container\" role=\"list\">\n\t\t\t\t<article class=\"elementor-portfolio-item elementor-post elementor-filter-10 elementor-filter-11 post-1 post type-post status-publish format-standard has-post-thumbnail hentry category-neuigkeiten category-projektstart\" role=\"listitem\">\n\t\t\t<a class=\"elementor-post__thumbnail__link\" href=\"https:\/\/quimo-gmbh.de\/en\/projektstart\/\">\n\t\t\t\t<div class=\"elementor-portfolio-item__img elementor-post__thumbnail\">\n\t\t\t<img fetchpriority=\"high\" decoding=\"async\" width=\"300\" height=\"200\" src=\"https:\/\/quimo-gmbh.de\/wp-content\/uploads\/2026\/03\/Blickle_Media-09912-300x200.jpg\" class=\"attachment-medium size-medium wp-image-116\" alt=\"\" srcset=\"https:\/\/quimo-gmbh.de\/wp-content\/uploads\/2026\/03\/Blickle_Media-09912-300x200.jpg 300w, https:\/\/quimo-gmbh.de\/wp-content\/uploads\/2026\/03\/Blickle_Media-09912-1024x682.jpg 1024w, https:\/\/quimo-gmbh.de\/wp-content\/uploads\/2026\/03\/Blickle_Media-09912-768x512.jpg 768w, https:\/\/quimo-gmbh.de\/wp-content\/uploads\/2026\/03\/Blickle_Media-09912.jpg 1334w\" sizes=\"(max-width: 300px) 100vw, 300px\" \/>\t\t<\/div>\n\t\t\t\t<div class=\"elementor-portfolio-item__overlay\">\n\t\t\t\t<h3 class=\"elementor-portfolio-item__title\">\n\t\tProject Launch \u2013 From Proof of Concept to Real-World Application\t\t<\/h3>\n\t\t\t\t<\/div>\n\t\t\t\t<\/a>\n\t\t<\/article>\n\t\t\t\t<article class=\"elementor-portfolio-item elementor-post elementor-filter-12 post-381 post type-post status-publish format-standard has-post-thumbnail hentry category-praxiseinsatz\" role=\"listitem\">\n\t\t\t<a class=\"elementor-post__thumbnail__link\" href=\"https:\/\/quimo-gmbh.de\/en\/spannender-einblick-in-die-praxis-des-bestandsbaus\/\">\n\t\t\t\t<div class=\"elementor-portfolio-item__img elementor-post__thumbnail\">\n\t\t\t<img decoding=\"async\" width=\"300\" height=\"300\" src=\"https:\/\/quimo-gmbh.de\/wp-content\/uploads\/2026\/03\/image-467x467-1.jpg\" class=\"attachment-medium size-medium wp-image-382\" alt=\"\" \/>\t\t<\/div>\n\t\t\t\t<div class=\"elementor-portfolio-item__overlay\">\n\t\t\t\t<h3 class=\"elementor-portfolio-item__title\">\n\t\tExciting Insights into the Practice of Existing Building Projects\t\t<\/h3>\n\t\t\t\t<\/div>\n\t\t\t\t<\/a>\n\t\t<\/article>\n\t\t\t\t<article class=\"elementor-portfolio-item elementor-post elementor-filter-11 post-619 post type-post status-publish format-standard has-post-thumbnail hentry category-projektstart\" role=\"listitem\">\n\t\t\t<a class=\"elementor-post__thumbnail__link\" href=\"https:\/\/quimo-gmbh.de\/en\/projektstart-zum-aufbau-des-poc\/\">\n\t\t\t\t<div class=\"elementor-portfolio-item__img elementor-post__thumbnail\">\n\t\t\t<img decoding=\"async\" width=\"300\" height=\"165\" src=\"https:\/\/quimo-gmbh.de\/wp-content\/uploads\/2026\/05\/CAD_PoC-300x165.png\" class=\"attachment-medium size-medium wp-image-630\" alt=\"Erstes CAD-Modell des Proof of Concept des QuiMo WL 1600 der Baumaschine f\u00fcr beengte Verh\u00e4ltnisse\" srcset=\"https:\/\/quimo-gmbh.de\/wp-content\/uploads\/2026\/05\/CAD_PoC-300x165.png 300w, https:\/\/quimo-gmbh.de\/wp-content\/uploads\/2026\/05\/CAD_PoC-1024x562.png 1024w, https:\/\/quimo-gmbh.de\/wp-content\/uploads\/2026\/05\/CAD_PoC-768x422.png 768w, https:\/\/quimo-gmbh.de\/wp-content\/uploads\/2026\/05\/CAD_PoC-18x10.png 18w, https:\/\/quimo-gmbh.de\/wp-content\/uploads\/2026\/05\/CAD_PoC.png 1115w\" sizes=\"(max-width: 300px) 100vw, 300px\" \/>\t\t<\/div>\n\t\t\t\t<div class=\"elementor-portfolio-item__overlay\">\n\t\t\t\t<h3 class=\"elementor-portfolio-item__title\">\n\t\tProjektstart zum Aufbau des PoC\t\t<\/h3>\n\t\t\t\t<\/div>\n\t\t\t\t<\/a>\n\t\t<\/article>\n\t\t\t\t<\/div>\n\t\t\t\t\t\t<\/div>\n\t\t\t\t<\/div>\n\t\t\t\t\t<\/div>\n\t\t\t\t<\/div>\n\t\t\t\t<\/div>","protected":false},"excerpt":{"rendered":"<p>Whats new? News Bleiben Sie informiert \u00fcber die neuesten Entwicklungen, Innovationen und Einblicke von Quimo. Entdecken Sie Produktneuheiten, Unternehmensupdates und wichtige Meilensteine, w\u00e4hrend wir weiterhin an zukunftsorientierten digitalen L\u00f6sungen arbeiten. In unserem News-Bereich finden Sie regelm\u00e4\u00dfig Neuigkeiten zu Projekten, technologischen Entwicklungen und aktuellen Themen aus unserer Branche. F\u00fcr Medien- oder Kooperationsanfragen steht Ihnen unser Team [&hellip;]<\/p>\n","protected":false},"author":1,"featured_media":0,"parent":0,"menu_order":0,"comment_status":"closed","ping_status":"closed","template":"elementor_theme","meta":{"footnotes":""},"class_list":["post-289","page","type-page","status-publish","hentry"],"yoast_head":"<!-- This site is optimized with the Yoast SEO plugin v27.6 - https:\/\/yoast.com\/product\/yoast-seo-wordpress\/ -->\n<title>News - QuiMo GmbH<\/title>\n<meta name=\"robots\" content=\"index, follow, max-snippet:-1, max-image-preview:large, max-video-preview:-1\" \/>\n<link rel=\"canonical\" href=\"https:\/\/quimo-gmbh.de\/en\/news\/\" \/>\n<meta property=\"og:locale\" content=\"en_US\" \/>\n<meta property=\"og:type\" content=\"article\" \/>\n<meta property=\"og:title\" content=\"News - QuiMo GmbH\" \/>\n<meta property=\"og:description\" content=\"Whats new? News Bleiben Sie informiert \u00fcber die neuesten Entwicklungen, Innovationen und Einblicke von Quimo. Entdecken Sie Produktneuheiten, Unternehmensupdates und wichtige Meilensteine, w\u00e4hrend wir weiterhin an zukunftsorientierten digitalen L\u00f6sungen arbeiten. In unserem News-Bereich finden Sie regelm\u00e4\u00dfig Neuigkeiten zu Projekten, technologischen Entwicklungen und aktuellen Themen aus unserer Branche. F\u00fcr Medien- oder Kooperationsanfragen steht Ihnen unser Team [&hellip;]\" \/>\n<meta property=\"og:url\" content=\"https:\/\/quimo-gmbh.de\/en\/news\/\" \/>\n<meta property=\"og:site_name\" content=\"QuiMo GmbH\" \/>\n<meta property=\"article:modified_time\" content=\"2026-05-04T10:56:53+00:00\" \/>\n<meta property=\"og:image\" content=\"https:\/\/quimo-gmbh.de\/wp-content\/uploads\/2026\/03\/Logo_red.png\" \/>\n\t<meta property=\"og:image:width\" content=\"400\" \/>\n\t<meta property=\"og:image:height\" content=\"118\" \/>\n\t<meta property=\"og:image:type\" content=\"image\/png\" \/>\n<meta name=\"twitter:card\" content=\"summary_large_image\" \/>\n<meta name=\"twitter:label1\" content=\"Est. reading time\" \/>\n\t<meta name=\"twitter:data1\" content=\"1 minute\" \/>\n<script type=\"application\/ld+json\" class=\"yoast-schema-graph\">{\"@context\":\"https:\\\/\\\/schema.org\",\"@graph\":[{\"@type\":\"WebPage\",\"@id\":\"https:\\\/\\\/quimo-gmbh.de\\\/news\\\/\",\"url\":\"https:\\\/\\\/quimo-gmbh.de\\\/news\\\/\",\"name\":\"News - QuiMo GmbH\",\"isPartOf\":{\"@id\":\"https:\\\/\\\/quimo-gmbh.de\\\/#website\"},\"datePublished\":\"2026-03-12T10:33:17+00:00\",\"dateModified\":\"2026-05-04T10:56:53+00:00\",\"breadcrumb\":{\"@id\":\"https:\\\/\\\/quimo-gmbh.de\\\/news\\\/#breadcrumb\"},\"inLanguage\":\"en-US\",\"potentialAction\":[{\"@type\":\"ReadAction\",\"target\":[\"https:\\\/\\\/quimo-gmbh.de\\\/news\\\/\"]}]},{\"@type\":\"BreadcrumbList\",\"@id\":\"https:\\\/\\\/quimo-gmbh.de\\\/news\\\/#breadcrumb\",\"itemListElement\":[{\"@type\":\"ListItem\",\"position\":1,\"name\":\"Start\",\"item\":\"https:\\\/\\\/quimo-gmbh.de\\\/\"},{\"@type\":\"ListItem\",\"position\":2,\"name\":\"News\"}]},{\"@type\":\"WebSite\",\"@id\":\"https:\\\/\\\/quimo-gmbh.de\\\/#website\",\"url\":\"https:\\\/\\\/quimo-gmbh.de\\\/\",\"name\":\"QuiMo GmbH\",\"description\":\"Die Quimo GmbH entwickelt innovative 2-Wheel Loader, die Effizienz, Leistung und kompakte Bauweise vereinen.\",\"publisher\":{\"@id\":\"https:\\\/\\\/quimo-gmbh.de\\\/#organization\"},\"potentialAction\":[{\"@type\":\"SearchAction\",\"target\":{\"@type\":\"EntryPoint\",\"urlTemplate\":\"https:\\\/\\\/quimo-gmbh.de\\\/?s={search_term_string}\"},\"query-input\":{\"@type\":\"PropertyValueSpecification\",\"valueRequired\":true,\"valueName\":\"search_term_string\"}}],\"inLanguage\":\"en-US\"},{\"@type\":\"Organization\",\"@id\":\"https:\\\/\\\/quimo-gmbh.de\\\/#organization\",\"name\":\"QuiMo GmbH\",\"url\":\"https:\\\/\\\/quimo-gmbh.de\\\/\",\"logo\":{\"@type\":\"ImageObject\",\"inLanguage\":\"en-US\",\"@id\":\"https:\\\/\\\/quimo-gmbh.de\\\/#\\\/schema\\\/logo\\\/image\\\/\",\"url\":\"https:\\\/\\\/quimo-gmbh.de\\\/wp-content\\\/uploads\\\/2026\\\/03\\\/Logo_red.png\",\"contentUrl\":\"https:\\\/\\\/quimo-gmbh.de\\\/wp-content\\\/uploads\\\/2026\\\/03\\\/Logo_red.png\",\"width\":400,\"height\":118,\"caption\":\"QuiMo GmbH\"},\"image\":{\"@id\":\"https:\\\/\\\/quimo-gmbh.de\\\/#\\\/schema\\\/logo\\\/image\\\/\"},\"sameAs\":[\"https:\\\/\\\/www.youtube.com\\\/@QuiMo_official\",\"https:\\\/\\\/www.instagram.com\\\/quimo_official\\\/?hl=de\",\"https:\\\/\\\/www.linkedin.com\\\/company\\\/quimo-gmbh\\\/\"]}]}<\/script>\n<!-- \/ Yoast SEO plugin. -->","yoast_head_json":{"title":"News - QuiMo GmbH","robots":{"index":"index","follow":"follow","max-snippet":"max-snippet:-1","max-image-preview":"max-image-preview:large","max-video-preview":"max-video-preview:-1"},"canonical":"https:\/\/quimo-gmbh.de\/en\/news\/","og_locale":"en_US","og_type":"article","og_title":"News - QuiMo GmbH","og_description":"Whats new? News Bleiben Sie informiert \u00fcber die neuesten Entwicklungen, Innovationen und Einblicke von Quimo. Entdecken Sie Produktneuheiten, Unternehmensupdates und wichtige Meilensteine, w\u00e4hrend wir weiterhin an zukunftsorientierten digitalen L\u00f6sungen arbeiten. In unserem News-Bereich finden Sie regelm\u00e4\u00dfig Neuigkeiten zu Projekten, technologischen Entwicklungen und aktuellen Themen aus unserer Branche. F\u00fcr Medien- oder Kooperationsanfragen steht Ihnen unser Team [&hellip;]","og_url":"https:\/\/quimo-gmbh.de\/en\/news\/","og_site_name":"QuiMo GmbH","article_modified_time":"2026-05-04T10:56:53+00:00","og_image":[{"width":400,"height":118,"url":"https:\/\/quimo-gmbh.de\/wp-content\/uploads\/2026\/03\/Logo_red.png","type":"image\/png"}],"twitter_card":"summary_large_image","twitter_misc":{"Est. reading time":"1 minute"},"schema":{"@context":"https:\/\/schema.org","@graph":[{"@type":"WebPage","@id":"https:\/\/quimo-gmbh.de\/news\/","url":"https:\/\/quimo-gmbh.de\/news\/","name":"News - QuiMo GmbH","isPartOf":{"@id":"https:\/\/quimo-gmbh.de\/#website"},"datePublished":"2026-03-12T10:33:17+00:00","dateModified":"2026-05-04T10:56:53+00:00","breadcrumb":{"@id":"https:\/\/quimo-gmbh.de\/news\/#breadcrumb"},"inLanguage":"en-US","potentialAction":[{"@type":"ReadAction","target":["https:\/\/quimo-gmbh.de\/news\/"]}]},{"@type":"BreadcrumbList","@id":"https:\/\/quimo-gmbh.de\/news\/#breadcrumb","itemListElement":[{"@type":"ListItem","position":1,"name":"Start","item":"https:\/\/quimo-gmbh.de\/"},{"@type":"ListItem","position":2,"name":"News"}]},{"@type":"WebSite","@id":"https:\/\/quimo-gmbh.de\/#website","url":"https:\/\/quimo-gmbh.de\/","name":"QuiMo GmbH","description":"Die Quimo GmbH entwickelt innovative 2-Wheel Loader, die Effizienz, Leistung und kompakte Bauweise vereinen.","publisher":{"@id":"https:\/\/quimo-gmbh.de\/#organization"},"potentialAction":[{"@type":"SearchAction","target":{"@type":"EntryPoint","urlTemplate":"https:\/\/quimo-gmbh.de\/?s={search_term_string}"},"query-input":{"@type":"PropertyValueSpecification","valueRequired":true,"valueName":"search_term_string"}}],"inLanguage":"en-US"},{"@type":"Organization","@id":"https:\/\/quimo-gmbh.de\/#organization","name":"QuiMo GmbH","url":"https:\/\/quimo-gmbh.de\/","logo":{"@type":"ImageObject","inLanguage":"en-US","@id":"https:\/\/quimo-gmbh.de\/#\/schema\/logo\/image\/","url":"https:\/\/quimo-gmbh.de\/wp-content\/uploads\/2026\/03\/Logo_red.png","contentUrl":"https:\/\/quimo-gmbh.de\/wp-content\/uploads\/2026\/03\/Logo_red.png","width":400,"height":118,"caption":"QuiMo GmbH"},"image":{"@id":"https:\/\/quimo-gmbh.de\/#\/schema\/logo\/image\/"},"sameAs":["https:\/\/www.youtube.com\/@QuiMo_official","https:\/\/www.instagram.com\/quimo_official\/?hl=de","https:\/\/www.linkedin.com\/company\/quimo-gmbh\/"]}]}},"jetpack_sharing_enabled":true,"_links":{"self":[{"href":"https:\/\/quimo-gmbh.de\/en\/wp-json\/wp\/v2\/pages\/289","targetHints":{"allow":["GET"]}}],"collection":[{"href":"https:\/\/quimo-gmbh.de\/en\/wp-json\/wp\/v2\/pages"}],"about":[{"href":"https:\/\/quimo-gmbh.de\/en\/wp-json\/wp\/v2\/types\/page"}],"author":[{"embeddable":true,"href":"https:\/\/quimo-gmbh.de\/en\/wp-json\/wp\/v2\/users\/1"}],"replies":[{"embeddable":true,"href":"https:\/\/quimo-gmbh.de\/en\/wp-json\/wp\/v2\/comments?post=289"}],"version-history":[{"count":43,"href":"https:\/\/quimo-gmbh.de\/en\/wp-json\/wp\/v2\/pages\/289\/revisions"}],"predecessor-version":[{"id":651,"href":"https:\/\/quimo-gmbh.de\/en\/wp-json\/wp\/v2\/pages\/289\/revisions\/651"}],"wp:attachment":[{"href":"https:\/\/quimo-gmbh.de\/en\/wp-json\/wp\/v2\/media?parent=289"}],"curies":[{"name":"wp","href":"https:\/\/api.w.org\/{rel}","templated":true}]}}